{"id":133,"date":"2020-05-13T22:14:20","date_gmt":"2020-05-13T20:14:20","guid":{"rendered":"https:\/\/www.schenk-real.at\/main\/?page_id=133"},"modified":"2020-05-13T22:21:57","modified_gmt":"2020-05-13T20:21:57","slug":"immobilien-consulting-von-schenk-reinhard-2","status":"publish","type":"page","link":"https:\/\/www.schenk-real.at\/main\/","title":{"rendered":"Immobilien &#038; Consulting von Schenk Reinhard"},"content":{"rendered":"\n<p>Schenk-Real bietet Immobilien Services vom Bau-Management \u00fcber die Planung und Umsetzung von Bautr\u00e4ger-Projekten bis hin zur Hausverwaltung und Asset-Management. <\/p>\n\n\n\n<div class=\"wp-block-columns is-layout-flex wp-container-core-columns-is-layout-1 wp-block-columns-is-layout-flex\">\n<div class=\"wp-block-column is-layout-flow wp-block-column-is-layout-flow\">\n<figure class=\"wp-block-image size-large is-resized\"><img loading=\"lazy\" decoding=\"async\" src=\"https:\/\/www.schenk-real.at\/main\/wp-content\/uploads\/2016\/03\/ReinhardSchenk.png\" alt=\"\" class=\"wp-image-47\" width=\"250\" height=\"239\" srcset=\"https:\/\/www.schenk-real.at\/main\/wp-content\/uploads\/2016\/03\/ReinhardSchenk.png 500w, https:\/\/www.schenk-real.at\/main\/wp-content\/uploads\/2016\/03\/ReinhardSchenk-300x287.png 300w, https:\/\/www.schenk-real.at\/main\/wp-content\/uploads\/2016\/03\/ReinhardSchenk-230x220.png 230w, https:\/\/www.schenk-real.at\/main\/wp-content\/uploads\/2016\/03\/ReinhardSchenk-350x335.png 350w\" sizes=\"(max-width: 250px) 100vw, 250px\" \/><\/figure>\n\n\n\n<p><\/p>\n<\/div>\n\n\n\n<div class=\"wp-block-column is-vertically-aligned-center is-layout-flow wp-block-column-is-layout-flow\">\n<p>Mit Gesch\u00e4ftsf\u00fchrer Schenk Reinhard bringen wir jahrelange Erfahrung in verschiedenen Bereichen der Immobilien-Branche mit.<\/p>\n<\/div>\n<\/div>\n\n\n\n<div class=\"wp-block-buttons aligncenter is-layout-flex wp-block-buttons-is-layout-flex\">\n<div class=\"wp-block-button\"><a class=\"wp-block-button__link has-text-color has-primary-color has-background\" href=\"https:\/\/www.schenk-real.at\/main\/kontakt\/\" style=\"background-color:#be1622;border-radius:10px\">Kontaktieren Sie uns<\/a><\/div>\n<\/div>\n\n\n\n<p><\/p>\n","protected":false},"excerpt":{"rendered":"<p>Schenk-Real bietet Immobilien Services vom Bau-Management \u00fcber die Planung und Umsetzung von Bautr\u00e4ger-Projekten bis hin zur Hausverwaltung und Asset-Management. Mit Gesch\u00e4ftsf\u00fchrer Schenk Reinhard bringen wir jahrelange Erfahrung in verschiedenen Bereichen der Immobilien-Branche mit.<\/p>\n","protected":false},"author":1,"featured_media":39,"parent":0,"menu_order":0,"comment_status":"closed","ping_status":"closed","template":"templates\/template-cover.php","meta":{"footnotes":""},"yoast_head":"<!-- This site is optimized with the Yoast SEO plugin v14.1 - https:\/\/yoast.com\/wordpress\/plugins\/seo\/ -->\n<title>Immobilien &amp; Consulting von Schenk Reinhard - Schenk Real<\/title>\n<meta name=\"robots\" content=\"index, follow\" \/>\n<meta name=\"googlebot\" content=\"index, follow, max-snippet:-1, max-image-preview:large, max-video-preview:-1\" \/>\n<meta name=\"bingbot\" content=\"index, follow, max-snippet:-1, max-image-preview:large, max-video-preview:-1\" \/>\n<link rel=\"canonical\" href=\"https:\/\/www.schenk-real.at\/main\/\" \/>\n<meta property=\"og:locale\" content=\"de_DE\" \/>\n<meta property=\"og:type\" content=\"article\" \/>\n<meta property=\"og:title\" content=\"Immobilien &amp; Consulting von Schenk Reinhard - Schenk Real\" \/>\n<meta property=\"og:description\" content=\"Schenk-Real bietet Immobilien Services vom Bau-Management \u00fcber die Planung und Umsetzung von Bautr\u00e4ger-Projekten bis hin zur Hausverwaltung und Asset-Management. Mit Gesch\u00e4ftsf\u00fchrer Schenk Reinhard bringen wir jahrelange Erfahrung in verschiedenen Bereichen der Immobilien-Branche mit.\" \/>\n<meta property=\"og:url\" content=\"https:\/\/www.schenk-real.at\/main\/\" \/>\n<meta property=\"og:site_name\" content=\"Schenk Real\" \/>\n<meta property=\"article:modified_time\" content=\"2020-05-13T20:21:57+00:00\" \/>\n<meta property=\"og:image\" content=\"https:\/\/www.schenk-real.at\/main\/wp-content\/uploads\/2016\/03\/entwickeln.jpg\" \/>\n\t<meta property=\"og:image:width\" content=\"1920\" \/>\n\t<meta property=\"og:image:height\" content=\"1281\" \/>\n<meta name=\"twitter:card\" content=\"summary\" \/>\n<script type=\"application\/ld+json\" class=\"yoast-schema-graph\">{\"@context\":\"https:\/\/schema.org\",\"@graph\":[{\"@type\":\"WebSite\",\"@id\":\"https:\/\/www.schenk-real.at\/main\/#website\",\"url\":\"https:\/\/www.schenk-real.at\/main\/\",\"name\":\"Schenk Real\",\"description\":\"\",\"potentialAction\":[{\"@type\":\"SearchAction\",\"target\":\"https:\/\/www.schenk-real.at\/main\/?s={search_term_string}\",\"query-input\":\"required name=search_term_string\"}],\"inLanguage\":\"de\"},{\"@type\":\"ImageObject\",\"@id\":\"https:\/\/www.schenk-real.at\/main\/#primaryimage\",\"inLanguage\":\"de\",\"url\":\"https:\/\/www.schenk-real.at\/main\/wp-content\/uploads\/2016\/03\/entwickeln.jpg\",\"width\":1920,\"height\":1281},{\"@type\":\"WebPage\",\"@id\":\"https:\/\/www.schenk-real.at\/main\/#webpage\",\"url\":\"https:\/\/www.schenk-real.at\/main\/\",\"name\":\"Immobilien & Consulting von Schenk Reinhard - Schenk Real\",\"isPartOf\":{\"@id\":\"https:\/\/www.schenk-real.at\/main\/#website\"},\"primaryImageOfPage\":{\"@id\":\"https:\/\/www.schenk-real.at\/main\/#primaryimage\"},\"datePublished\":\"2020-05-13T20:14:20+00:00\",\"dateModified\":\"2020-05-13T20:21:57+00:00\",\"inLanguage\":\"de\",\"potentialAction\":[{\"@type\":\"ReadAction\",\"target\":[\"https:\/\/www.schenk-real.at\/main\/\"]}]}]}<\/script>\n<!-- \/ Yoast SEO plugin. -->","_links":{"self":[{"href":"https:\/\/www.schenk-real.at\/main\/wp-json\/wp\/v2\/pages\/133"}],"collection":[{"href":"https:\/\/www.schenk-real.at\/main\/wp-json\/wp\/v2\/pages"}],"about":[{"href":"https:\/\/www.schenk-real.at\/main\/wp-json\/wp\/v2\/types\/page"}],"author":[{"embeddable":true,"href":"https:\/\/www.schenk-real.at\/main\/wp-json\/wp\/v2\/users\/1"}],"replies":[{"embeddable":true,"href":"https:\/\/www.schenk-real.at\/main\/wp-json\/wp\/v2\/comments?post=133"}],"version-history":[{"count":10,"href":"https:\/\/www.schenk-real.at\/main\/wp-json\/wp\/v2\/pages\/133\/revisions"}],"predecessor-version":[{"id":144,"href":"https:\/\/www.schenk-real.at\/main\/wp-json\/wp\/v2\/pages\/133\/revisions\/144"}],"wp:featuredmedia":[{"embeddable":true,"href":"https:\/\/www.schenk-real.at\/main\/wp-json\/wp\/v2\/media\/39"}],"wp:attachment":[{"href":"https:\/\/www.schenk-real.at\/main\/wp-json\/wp\/v2\/media?parent=133"}],"curies":[{"name":"wp","href":"https:\/\/api.w.org\/{rel}","templated":true}]}}